{"id":36,"date":"2024-06-03T09:02:22","date_gmt":"2024-06-03T09:02:22","guid":{"rendered":"https:\/\/saimaaparkki.fi\/?page_id=36"},"modified":"2025-04-20T16:19:48","modified_gmt":"2025-04-20T16:19:48","slug":"etusivu","status":"publish","type":"page","link":"https:\/\/saimaaparkki.fi\/","title":{"rendered":"Kausis\u00e4ilytyst\u00e4"},"content":{"rendered":"\n<div class=\"wp-block-group\"><div class=\"wp-block-group__inner-container is-layout-constrained wp-block-group-is-layout-constrained\">\n<p><\/p>\n<\/div><\/div>\n\n\n<div class=\"wp-block-image\">\n<figure class=\"aligncenter size-full\"><img loading=\"lazy\" decoding=\"async\" width=\"537\" height=\"540\" src=\"https:\/\/saimaaparkki.fi\/wp-content\/uploads\/2024\/06\/image.png\" alt=\"T\u00e4m\u00e4n kuvan alt-attribuutti on tyhj\u00e4; Tiedoston nimi on SaimaaParkki.png\" class=\"wp-image-50\" srcset=\"https:\/\/saimaaparkki.fi\/wp-content\/uploads\/2024\/06\/image.png 537w, https:\/\/saimaaparkki.fi\/wp-content\/uploads\/2024\/06\/image-298x300.png 298w, https:\/\/saimaaparkki.fi\/wp-content\/uploads\/2024\/06\/image-150x150.png 150w\" sizes=\"auto, (max-width: 537px) 100vw, 537px\" \/><\/figure>\n<\/div>\n\n\n<p class=\"has-text-align-center\"><strong>Veneiden ja ajoneuvojen s\u00e4ilytyst\u00e4 Taipalsaarella<\/strong><\/p>\n\n\n\n<p class=\"has-text-align-center\">Siisti\u00e4 ja kuivaa hallitilaa<br>Oven korkeus 4 m<\/p>\n\n\n\n<p class=\"has-text-align-center\">Lis\u00e4tietoja s\u00e4hk\u00f6postitse info@saimaaparkki.fi <\/p>\n\n\n\n<p style=\"padding-top:0;padding-bottom:0\"><\/p>\n\n\n\n<p><\/p>\n","protected":false},"excerpt":{"rendered":"<p>Veneiden ja ajoneuvojen s\u00e4ilytyst\u00e4 Taipalsaarella Siisti\u00e4 ja kuivaa hallitilaaOven korkeus 4 m Lis\u00e4tietoja s\u00e4hk\u00f6postitse info@saimaaparkki.fi<\/p>\n","protected":false},"author":1,"featured_media":0,"parent":0,"menu_order":0,"comment_status":"closed","ping_status":"closed","template":"","meta":{"_kad_post_transparent":"","_kad_post_title":"","_kad_post_layout":"","_kad_post_sidebar_id":"","_kad_post_content_style":"","_kad_post_vertical_padding":"","_kad_post_feature":"","_kad_post_feature_position":"","_kad_post_header":false,"_kad_post_footer":false,"_kad_post_classname":"","footnotes":""},"class_list":["post-36","page","type-page","status-publish","hentry"],"yoast_head":"<!-- This site is optimized with the Yoast SEO plugin v27.4 - https:\/\/yoast.com\/product\/yoast-seo-wordpress\/ -->\n<title>Kausis\u00e4ilytyst\u00e4 - SaimaaParkki<\/title>\n<meta name=\"robots\" content=\"index, follow, max-snippet:-1, max-image-preview:large, max-video-preview:-1\" \/>\n<link rel=\"canonical\" href=\"https:\/\/saimaaparkki.fi\/\" \/>\n<meta property=\"og:locale\" content=\"en_US\" \/>\n<meta property=\"og:type\" content=\"article\" \/>\n<meta property=\"og:title\" content=\"Kausis\u00e4ilytyst\u00e4 - SaimaaParkki\" \/>\n<meta property=\"og:description\" content=\"Veneiden ja ajoneuvojen s\u00e4ilytyst\u00e4 Taipalsaarella Siisti\u00e4 ja kuivaa hallitilaaOven korkeus 4 m Lis\u00e4tietoja s\u00e4hk\u00f6postitse info@saimaaparkki.fi\" \/>\n<meta property=\"og:url\" content=\"https:\/\/saimaaparkki.fi\/\" \/>\n<meta property=\"og:site_name\" content=\"SaimaaParkki\" \/>\n<meta property=\"article:modified_time\" content=\"2025-04-20T16:19:48+00:00\" \/>\n<meta property=\"og:image\" content=\"https:\/\/saimaaparkki.fi\/wp-content\/uploads\/2024\/06\/image.png\" \/>\n\t<meta property=\"og:image:width\" content=\"537\" \/>\n\t<meta property=\"og:image:height\" content=\"540\" \/>\n\t<meta property=\"og:image:type\" content=\"image\/png\" \/>\n<meta name=\"twitter:card\" content=\"summary_large_image\" \/>\n<meta name=\"twitter:label1\" content=\"Est. reading time\" \/>\n\t<meta name=\"twitter:data1\" content=\"1 minute\" \/>\n<script type=\"application\/ld+json\" class=\"yoast-schema-graph\">{\"@context\":\"https:\\\/\\\/schema.org\",\"@graph\":[{\"@type\":\"WebPage\",\"@id\":\"https:\\\/\\\/saimaaparkki.fi\\\/\",\"url\":\"https:\\\/\\\/saimaaparkki.fi\\\/\",\"name\":\"Kausis\u00e4ilytyst\u00e4 - SaimaaParkki\",\"isPartOf\":{\"@id\":\"https:\\\/\\\/saimaaparkki.fi\\\/#website\"},\"primaryImageOfPage\":{\"@id\":\"https:\\\/\\\/saimaaparkki.fi\\\/#primaryimage\"},\"image\":{\"@id\":\"https:\\\/\\\/saimaaparkki.fi\\\/#primaryimage\"},\"thumbnailUrl\":\"https:\\\/\\\/saimaaparkki.fi\\\/wp-content\\\/uploads\\\/2024\\\/06\\\/image.png\",\"datePublished\":\"2024-06-03T09:02:22+00:00\",\"dateModified\":\"2025-04-20T16:19:48+00:00\",\"breadcrumb\":{\"@id\":\"https:\\\/\\\/saimaaparkki.fi\\\/#breadcrumb\"},\"inLanguage\":\"en-US\",\"potentialAction\":[{\"@type\":\"ReadAction\",\"target\":[\"https:\\\/\\\/saimaaparkki.fi\\\/\"]}]},{\"@type\":\"ImageObject\",\"inLanguage\":\"en-US\",\"@id\":\"https:\\\/\\\/saimaaparkki.fi\\\/#primaryimage\",\"url\":\"https:\\\/\\\/saimaaparkki.fi\\\/wp-content\\\/uploads\\\/2024\\\/06\\\/image.png\",\"contentUrl\":\"https:\\\/\\\/saimaaparkki.fi\\\/wp-content\\\/uploads\\\/2024\\\/06\\\/image.png\",\"width\":537,\"height\":540,\"caption\":\"T\u00e4m\u00e4n kuvan alt-attribuutti on tyhj\u00e4; Tiedoston nimi on SaimaaParkki.png\"},{\"@type\":\"BreadcrumbList\",\"@id\":\"https:\\\/\\\/saimaaparkki.fi\\\/#breadcrumb\",\"itemListElement\":[{\"@type\":\"ListItem\",\"position\":1,\"name\":\"Home\",\"item\":\"https:\\\/\\\/saimaaparkki.fi\\\/\"},{\"@type\":\"ListItem\",\"position\":2,\"name\":\"Kausis\u00e4ilytyst\u00e4\"}]},{\"@type\":\"WebSite\",\"@id\":\"https:\\\/\\\/saimaaparkki.fi\\\/#website\",\"url\":\"https:\\\/\\\/saimaaparkki.fi\\\/\",\"name\":\"SaimaaParkki\",\"description\":\"\",\"potentialAction\":[{\"@type\":\"SearchAction\",\"target\":{\"@type\":\"EntryPoint\",\"urlTemplate\":\"https:\\\/\\\/saimaaparkki.fi\\\/?s={search_term_string}\"},\"query-input\":{\"@type\":\"PropertyValueSpecification\",\"valueRequired\":true,\"valueName\":\"search_term_string\"}}],\"inLanguage\":\"en-US\"}]}<\/script>\n<!-- \/ Yoast SEO plugin. -->","yoast_head_json":{"title":"Kausis\u00e4ilytyst\u00e4 - SaimaaParkki","robots":{"index":"index","follow":"follow","max-snippet":"max-snippet:-1","max-image-preview":"max-image-preview:large","max-video-preview":"max-video-preview:-1"},"canonical":"https:\/\/saimaaparkki.fi\/","og_locale":"en_US","og_type":"article","og_title":"Kausis\u00e4ilytyst\u00e4 - SaimaaParkki","og_description":"Veneiden ja ajoneuvojen s\u00e4ilytyst\u00e4 Taipalsaarella Siisti\u00e4 ja kuivaa hallitilaaOven korkeus 4 m Lis\u00e4tietoja s\u00e4hk\u00f6postitse info@saimaaparkki.fi","og_url":"https:\/\/saimaaparkki.fi\/","og_site_name":"SaimaaParkki","article_modified_time":"2025-04-20T16:19:48+00:00","og_image":[{"width":537,"height":540,"url":"https:\/\/saimaaparkki.fi\/wp-content\/uploads\/2024\/06\/image.png","type":"image\/png"}],"twitter_card":"summary_large_image","twitter_misc":{"Est. reading time":"1 minute"},"schema":{"@context":"https:\/\/schema.org","@graph":[{"@type":"WebPage","@id":"https:\/\/saimaaparkki.fi\/","url":"https:\/\/saimaaparkki.fi\/","name":"Kausis\u00e4ilytyst\u00e4 - SaimaaParkki","isPartOf":{"@id":"https:\/\/saimaaparkki.fi\/#website"},"primaryImageOfPage":{"@id":"https:\/\/saimaaparkki.fi\/#primaryimage"},"image":{"@id":"https:\/\/saimaaparkki.fi\/#primaryimage"},"thumbnailUrl":"https:\/\/saimaaparkki.fi\/wp-content\/uploads\/2024\/06\/image.png","datePublished":"2024-06-03T09:02:22+00:00","dateModified":"2025-04-20T16:19:48+00:00","breadcrumb":{"@id":"https:\/\/saimaaparkki.fi\/#breadcrumb"},"inLanguage":"en-US","potentialAction":[{"@type":"ReadAction","target":["https:\/\/saimaaparkki.fi\/"]}]},{"@type":"ImageObject","inLanguage":"en-US","@id":"https:\/\/saimaaparkki.fi\/#primaryimage","url":"https:\/\/saimaaparkki.fi\/wp-content\/uploads\/2024\/06\/image.png","contentUrl":"https:\/\/saimaaparkki.fi\/wp-content\/uploads\/2024\/06\/image.png","width":537,"height":540,"caption":"T\u00e4m\u00e4n kuvan alt-attribuutti on tyhj\u00e4; Tiedoston nimi on SaimaaParkki.png"},{"@type":"BreadcrumbList","@id":"https:\/\/saimaaparkki.fi\/#breadcrumb","itemListElement":[{"@type":"ListItem","position":1,"name":"Home","item":"https:\/\/saimaaparkki.fi\/"},{"@type":"ListItem","position":2,"name":"Kausis\u00e4ilytyst\u00e4"}]},{"@type":"WebSite","@id":"https:\/\/saimaaparkki.fi\/#website","url":"https:\/\/saimaaparkki.fi\/","name":"SaimaaParkki","description":"","potentialAction":[{"@type":"SearchAction","target":{"@type":"EntryPoint","urlTemplate":"https:\/\/saimaaparkki.fi\/?s={search_term_string}"},"query-input":{"@type":"PropertyValueSpecification","valueRequired":true,"valueName":"search_term_string"}}],"inLanguage":"en-US"}]}},"_links":{"self":[{"href":"https:\/\/saimaaparkki.fi\/index.php?rest_route=\/wp\/v2\/pages\/36","targetHints":{"allow":["GET"]}}],"collection":[{"href":"https:\/\/saimaaparkki.fi\/index.php?rest_route=\/wp\/v2\/pages"}],"about":[{"href":"https:\/\/saimaaparkki.fi\/index.php?rest_route=\/wp\/v2\/types\/page"}],"author":[{"embeddable":true,"href":"https:\/\/saimaaparkki.fi\/index.php?rest_route=\/wp\/v2\/users\/1"}],"replies":[{"embeddable":true,"href":"https:\/\/saimaaparkki.fi\/index.php?rest_route=%2Fwp%2Fv2%2Fcomments&post=36"}],"version-history":[{"count":12,"href":"https:\/\/saimaaparkki.fi\/index.php?rest_route=\/wp\/v2\/pages\/36\/revisions"}],"predecessor-version":[{"id":70,"href":"https:\/\/saimaaparkki.fi\/index.php?rest_route=\/wp\/v2\/pages\/36\/revisions\/70"}],"wp:attachment":[{"href":"https:\/\/saimaaparkki.fi\/index.php?rest_route=%2Fwp%2Fv2%2Fmedia&parent=36"}],"curies":[{"name":"wp","href":"https:\/\/api.w.org\/{rel}","templated":true}]}}